{"id":911,"date":"2023-07-24T08:22:15","date_gmt":"2023-07-24T08:22:15","guid":{"rendered":"https:\/\/tortajadaadvocats.es\/?page_id=911"},"modified":"2023-11-21T10:09:13","modified_gmt":"2023-11-21T10:09:13","slug":"saray-perez-jurado","status":"publish","type":"page","link":"https:\/\/tortajadaadvocats.es\/es\/saray-perez-jurado\/","title":{"rendered":"Saray P\u00e9rez Jurado"},"content":{"rendered":"<div class=\"wpb-content-wrapper\">[vc_row gap=\u00bb30&#8243; css=\u00bb.vc_custom_1688652592928{padding-top: 5% !important;padding-bottom: 5% !important;}\u00bb][vc_column width=\u00bb5\/12&#8243;]<figure class=\"vcex-image vcex-module\"><div class=\"vcex-image-inner wpex-relative wpex-inline-block\"><img width=\"1322\" height=\"1742\" src=\"https:\/\/tortajadaadvocats.es\/wp-content\/uploads\/2023\/07\/saray-perez-advocat.jpg\" class=\"vcex-image-img wpex-align-middle\" alt=\"\" loading=\"lazy\" decoding=\"async\" srcset=\"https:\/\/tortajadaadvocats.es\/wp-content\/uploads\/2023\/07\/saray-perez-advocat.jpg 1322w, https:\/\/tortajadaadvocats.es\/wp-content\/uploads\/2023\/07\/saray-perez-advocat-228x300.jpg 228w, https:\/\/tortajadaadvocats.es\/wp-content\/uploads\/2023\/07\/saray-perez-advocat-777x1024.jpg 777w, https:\/\/tortajadaadvocats.es\/wp-content\/uploads\/2023\/07\/saray-perez-advocat-768x1012.jpg 768w, https:\/\/tortajadaadvocats.es\/wp-content\/uploads\/2023\/07\/saray-perez-advocat-1166x1536.jpg 1166w\" sizes=\"(max-width: 1322px) 100vw, 1322px\" \/><\/div><\/figure>[\/vc_column][vc_column width=\u00bb7\/12&#8243;][vc_column_text]\n<h1>Saray P\u00e9rez Jurado<\/h1>\n<h4>Abogada<\/h4>\n[\/vc_column_text][vc_separator css=\u00bb.vc_custom_1688652502744{margin-top: 30px !important;margin-bottom: 30px !important;}\u00bb]<style>.vcex-list_item.vcex_69fb1ce943806{font-weight:600;}.vcex-list_item.vcex_69fb1ce943806 .vcex-list-item-icon-inner{color:#ffffff;background:#900f20;border-radius:var(--wpex-rounded-full);width:40px;height:40px;}<\/style><div class=\"vcex-list_item vcex-module wpex-m-0 wpex-max-w-100 wpex-mb-5 vcex_69fb1ce943806\"><a  href=\"mailto:sarayperez@tortajadaadvocats.com\" class=\"vcex-list-item-link wpex-no-underline\"><div class=\"vcex-list-item-inner wpex-inline-flex wpex-flex-no-wrap wpex-items-center\"><div class=\"vcex-list-item-icon wpex-mr-10\"><div class=\"vcex-list-item-icon-inner vcex-icon-wrap wpex-inline-flex wpex-justify-center wpex-items-center wpex-leading-none wpex-child-inherit-color\"><span class=\"ticon ticon-envelope\" aria-hidden=\"true\"><\/span><\/div><\/div><div class=\"vcex-list-item-text vcex-content wpex-flex-grow\">sarayperez@tortajadaadvocats.com<\/div><\/div><\/a><\/div>[vc_separator css=\u00bb.vc_custom_1688652502744{margin-top: 30px !important;margin-bottom: 30px !important;}\u00bb][vc_column_text]\n<h3>Biograf\u00eda y experiencia<\/h3>\n<p>Graduada en Derecho por la UAB, realiza el M\u00e1ster de Acceso a la Abogac\u00eda incorpor\u00e1ndose como abogada en ejercicio en 2016 por el Ilustre Colegio de Abogados de Sabadell.<\/p>\n<p>Durante el primer a\u00f1o de colegiaci\u00f3n, ejerci\u00f3 como abogada en Col\u00b7lectiu Ronda, donde pudo formarse a nivel pr\u00e1ctico en las especialidades de Derecho Civil, Penal y Laboral, incluyendo en esta \u00faltima rama la materia de Seguridad Social.<\/p>\n<p>Ha ejercido como abogada por cuenta propia, colaborando con despachos de la ciudad de Sabadell, asumiendo \u00e1reas completas de trabajo. En 2017 se incorpora como abogada en Tortajada Advocats, responsabiliz\u00e1ndose de diferentes clientes referencia del despacho.<\/p>\n<p>Actualmente tambi\u00e9n ejerce como mediadora y conciliadora en el Tribunal Laboral de Catalunya.[\/vc_column_text][vc_separator css=\u00bb.vc_custom_1688653026334{margin-top: 30px !important;margin-bottom: 10px !important;}\u00bb][vc_tta_accordion title_tag=\u00bbh3&#8243; section_title_tag=\u00bbh3&#8243; style=\u00bbtotal\u00bb c_icon=\u00bbchevron\u00bb c_position=\u00bbright\u00bb active_section=\u00bb-1&#8243; collapsible_all=\u00bbtrue\u00bb][vc_tta_section i_icon_fontawesome=\u00bbfar fa-dot-circle\u00bb add_icon=\u00bbtrue\u00bb title=\u00bbM\u00e1s informaci\u00f3n\u00bb tab_id=\u00bbmas-informacion\u00bb][vc_column_text]Durante sus a\u00f1os de ejercicio ha impartido distintas conferencias sobre tem\u00e1ticas como abusos sexuales hacia menores o prestaciones de la Seguridad Social. Ha cursado estudios en Litigaci\u00f3n Penal, Civil y Laboral en la Escola de Pr\u00e0ctica Professional de l\u2019Advocacia de Sabadell[\/vc_column_text][\/vc_tta_section][\/vc_tta_accordion][\/vc_column][\/vc_row][vc_row][vc_column][vc_separator][\/vc_column][\/vc_row][vc_row css=\u00bb.vc_custom_1688639983031{padding-top: 6% !important;padding-bottom: 6% !important;}\u00bb][vc_column width=\u00bb1\/3&#8243;][vc_column_text]\n<h3>\u00c1reas de competencia<\/h3>\n[\/vc_column_text]<div class=\"vcex-module vcex-divider vcex-divider-solid vcex-divider-left wpex-mr-auto wpex-max-w-100 wpex-block wpex-h-0 wpex-border-b wpex-border-solid wpex-border-main\" style=\"width:100px;margin-top:30px;border-bottom-width:8px;border-color:#900f20;\"><\/div>[\/vc_column][vc_column width=\u00bb2\/3&#8243;][vc_row_inner][vc_column_inner width=\u00bb1\/4&#8243;]<a class=\"vcex-module vcex-icon-box vcex-icon-box-five vcex-icon-box-has-link wpex-inherit-color wpex-no-underline wpex-block wpex-text-center wpex-hover-white-text wpex-p-30 wpex-surface-2\" href=\"https:\/\/tortajadaadvocats.es\/es\/areas-de-competencia\/familia\/\" data-wpex-hover=\"{&quot;background&quot;:&quot;#900f20&quot;}\" style=\"background-color:#d1d1d1;border-radius:var(--wpex-rounded);\"><div class=\"vcex-icon-box-symbol wpex-mb-20\"><img width=\"30\" height=\"30\" src=\"https:\/\/tortajadaadvocats.es\/wp-content\/uploads\/2023\/11\/icono-familiia.svg\" class=\"vcex-icon-box-image wpex-align-middle\" alt=\"\" loading=\"lazy\" decoding=\"async\" \/><\/div><div class=\"vcex-icon-box-text\"><h3 class=\"vcex-icon-box-heading wpex-heading wpex-text-md wpex-mb-10\" style=\"font-weight:300;\">Familia<\/h3><\/div><\/a>[\/vc_column_inner][vc_column_inner width=\u00bb1\/4&#8243;]<a class=\"vcex-module vcex-icon-box vcex-icon-box-five vcex-icon-box-has-link wpex-inherit-color wpex-no-underline wpex-block wpex-text-center wpex-hover-white-text wpex-p-30 wpex-surface-2\" href=\"https:\/\/tortajadaadvocats.es\/es\/areas-de-competencia\/laboral-y-prestaciones-por-incapacidad\/\" data-wpex-hover=\"{&quot;background&quot;:&quot;#900f20&quot;}\" style=\"background-color:#d1d1d1;border-radius:var(--wpex-rounded);\"><div class=\"vcex-icon-box-symbol wpex-mb-20\"><img width=\"30\" height=\"30\" src=\"https:\/\/tortajadaadvocats.es\/wp-content\/uploads\/2023\/11\/icono-obrero.svg\" class=\"vcex-icon-box-image wpex-align-middle\" alt=\"\" loading=\"lazy\" decoding=\"async\" \/><\/div><div class=\"vcex-icon-box-text\"><h3 class=\"vcex-icon-box-heading wpex-heading wpex-text-md wpex-mb-10\" style=\"font-weight:300;\">Laboral<\/h3><\/div><\/a>[\/vc_column_inner][vc_column_inner width=\u00bb1\/4&#8243;]<a class=\"vcex-module vcex-icon-box vcex-icon-box-five vcex-icon-box-has-link wpex-inherit-color wpex-no-underline wpex-block wpex-text-center wpex-hover-white-text wpex-p-30 wpex-surface-2\" href=\"https:\/\/tortajadaadvocats.es\/es\/areas-de-competencia\/accidentes-y-reclamaciones\/\" data-wpex-hover=\"{&quot;background&quot;:&quot;#900f20&quot;}\" style=\"background-color:#d1d1d1;border-radius:var(--wpex-rounded);\"><div class=\"vcex-icon-box-symbol wpex-mb-20\"><img width=\"76\" height=\"30\" src=\"https:\/\/tortajadaadvocats.es\/wp-content\/uploads\/2023\/11\/icono-accidents-1.svg\" class=\"vcex-icon-box-image wpex-align-middle\" alt=\"\" loading=\"lazy\" decoding=\"async\" \/><\/div><div class=\"vcex-icon-box-text\"><h3 class=\"vcex-icon-box-heading wpex-heading wpex-text-md wpex-mb-10\" style=\"font-weight:300;\">Accidentes<\/h3><\/div><\/a>[\/vc_column_inner][vc_column_inner width=\u00bb1\/4&#8243;]<a class=\"vcex-module vcex-icon-box vcex-icon-box-five vcex-icon-box-has-link wpex-inherit-color wpex-no-underline wpex-block wpex-text-center wpex-hover-white-text wpex-p-30 wpex-surface-2\" href=\"https:\/\/tortajadaadvocats.es\/es\/areas-de-competencia\/propiedad-y-vivienda\/\" data-wpex-hover=\"{&quot;background&quot;:&quot;#900f20&quot;}\" style=\"background-color:#d1d1d1;border-radius:var(--wpex-rounded);\"><div class=\"vcex-icon-box-symbol wpex-mb-20\"><div class=\"vcex-icon-box-icon wpex-inline-flex wpex-items-center wpex-justify-center wpex-child-inherit-color wpex-text-center wpex-leading-none wpex-text-1\"><span class=\"ticon ticon-home\" aria-hidden=\"true\"><\/span><\/div><\/div><div class=\"vcex-icon-box-text\"><h3 class=\"vcex-icon-box-heading wpex-heading wpex-text-md wpex-mb-10\" style=\"font-weight:300;\">Propiedad<\/h3><\/div><\/a>[\/vc_column_inner][\/vc_row_inner][\/vc_column][\/vc_row][vc_row][vc_column]<div class=\"templatera_shortcode\"><style type=\"text\/css\" data-type=\"vc_shortcodes-custom-css\">.vc_custom_1688661980883{margin-top: 5% !important;margin-bottom: 5% !important;background-image: url(https:\/\/tortajadaadvocats.es\/wp-content\/uploads\/2023\/07\/bg-tortajada-advocats1.jpg?id=191) !important;background-position: center !important;background-repeat: no-repeat !important;background-size: cover !important;}.vc_custom_1688661636718{padding-top: 5% !important;padding-right: 5% !important;padding-bottom: 5% !important;padding-left: 5% !important;background-color: #f4f4f4 !important;border-radius: 10px !important;}.vc_custom_1688661774048{margin-top: 30px !important;margin-bottom: 30px !important;}<\/style>[vc_row full_width=\"stretch_row_content_no_spaces\"][vc_column]<div class=\"vcex-module vcex-divider vcex-divider-solid vcex-divider-center wpex-mx-auto wpex-max-w-100 wpex-block wpex-h-0 wpex-border-b wpex-border-solid wpex-border-main\" style=\"width:100%;border-bottom-width:1px;border-color:#000000;\"><\/div>[\/vc_column][\/vc_row][vc_row full_width=\"stretch_row\" gap=\"30\" local_scroll_id=\"formulario\" css=\".vc_custom_1688661980883{margin-top: 5% !important;margin-bottom: 5% !important;background-image: url(https:\/\/tortajadaadvocats.es\/wp-content\/uploads\/2023\/07\/bg-tortajada-advocats1.jpg?id=191) !important;background-position: center !important;background-repeat: no-repeat !important;background-size: cover !important;}\" wpex_bg_position=\"center center\"][vc_column width=\"1\/2\"][vc_column_text]\r\n<h3 style=\"text-align: left;\"><strong>Si tienes dudas sobre nuestros servicios o metodolog\u00eda puedes contactar con nosotros a trav\u00e9s de este formulario.<\/strong><\/h3>\r\n[\/vc_column_text]<style> style=\"height:20px;\"<\/style><div class=\"vcex-spacing wpex-w-100 wpex-clear\" style=\"height:20px;\"><\/div>[vc_column_text]\r\n<h4>Nuestro equipo administrativo se pondr\u00e1 en contacto contigo lo antes posible para ayudarte. Rellena el formulario de contacto a continuaci\u00f3n<\/h4>\r\n<p style=\"text-align: left;\"><em>Los campos con * son obligatorios<\/em><\/p>\r\n[\/vc_column_text][vc_separator css=\".vc_custom_1688661774048{margin-top: 30px !important;margin-bottom: 30px !important;}\"][vc_column_text]\r\n<h4><strong>Oficina central<\/strong><\/h4>\r\nAvda. Francesc Maci\u00e0 n\u00fam. 60 Planta 13, Local 1\r\n08208 Sabadell, Barcelona\r\nT. 937277406\r\n@.\u00a0<a href=\"mailto:tortajada@tortajadaadvocats.com\">tortajada@tortajadaadvocats.com<\/a>[\/vc_column_text]<style> style=\"height:20px;\"<\/style><div class=\"vcex-spacing wpex-w-100 wpex-clear\" style=\"height:20px;\"><\/div><a href=\"https:\/\/tortajadaadvocats.es\/es\/concertar-visita\/\" class=\"vcex-button theme-button inline\"><span class=\"vcex-button-inner theme-button-inner\">Pedir cita<span class=\"vcex-button-icon vcex-icon-wrap theme-button-icon-right\"><span class=\"ticon ticon-angle-right\" aria-hidden=\"true\"><\/span><\/span><\/span><\/a> [\/vc_column][vc_column width=\"1\/2\" css=\".vc_custom_1688661636718{padding-top: 5% !important;padding-right: 5% !important;padding-bottom: 5% !important;padding-left: 5% !important;background-color: #f4f4f4 !important;border-radius: 10px !important;}\"]\n<div class=\"wpcf7 no-js\" id=\"wpcf7-f902-o1\" lang=\"es-ES\" dir=\"ltr\">\n<div class=\"screen-reader-response\"><p role=\"status\" aria-live=\"polite\" aria-atomic=\"true\"><\/p> <ul><\/ul><\/div>\n<form action=\"\/es\/wp-json\/wp\/v2\/pages\/911#wpcf7-f902-o1\" method=\"post\" class=\"wpcf7-form init\" aria-label=\"Formulario de contacto\" novalidate=\"novalidate\" data-status=\"init\">\n<div style=\"display: none;\">\n<input type=\"hidden\" name=\"_wpcf7\" value=\"902\" \/>\n<input type=\"hidden\" name=\"_wpcf7_version\" value=\"5.8.4\" \/>\n<input type=\"hidden\" name=\"_wpcf7_locale\" value=\"es_ES\" \/>\n<input type=\"hidden\" name=\"_wpcf7_unit_tag\" value=\"wpcf7-f902-o1\" \/>\n<input type=\"hidden\" name=\"_wpcf7_container_post\" value=\"0\" \/>\n<input type=\"hidden\" name=\"_wpcf7_posted_data_hash\" value=\"\" \/>\n<input type=\"hidden\" name=\"_wpcf7_recaptcha_response\" value=\"\" \/>\n<\/div>\n<div class=\"form-row\">\n\t<div class=\"column-half\">\n\t\t<p>Nombre y Apellidos <span class=\"wpcf7-form-control-wrap\" data-name=\"first-name\"><input size=\"40\" class=\"wpcf7-form-control wpcf7-text wpcf7-validates-as-required\" aria-required=\"true\" aria-invalid=\"false\" value=\"\" type=\"text\" name=\"first-name\" \/><\/span>\n\t\t<\/p>\n\t<\/div>\n\t<div class=\"column-half\">\n\t\t<p>Email <span class=\"wpcf7-form-control-wrap\" data-name=\"your-email\"><input size=\"40\" class=\"wpcf7-form-control wpcf7-email wpcf7-validates-as-required wpcf7-text wpcf7-validates-as-email\" aria-required=\"true\" aria-invalid=\"false\" value=\"\" type=\"email\" name=\"your-email\" \/><\/span>\n\t\t<\/p>\n\t<\/div>\n<\/div>\n<div class=\"form-row\">\n\t<div class=\"column-half\">\n\t\t<p>Tel\u00e9fono <span class=\"wpcf7-form-control-wrap\" data-name=\"your-phone\"><input size=\"40\" class=\"wpcf7-form-control wpcf7-text wpcf7-validates-as-required\" aria-required=\"true\" aria-invalid=\"false\" value=\"\" type=\"text\" name=\"your-phone\" \/><\/span>\n\t\t<\/p>\n\t<\/div>\n\t<div class=\"column-half\">\n\t\t<p>Empresa <span class=\"wpcf7-form-control-wrap\" data-name=\"your-empresa\"><input size=\"40\" class=\"wpcf7-form-control wpcf7-text wpcf7-validates-as-required\" aria-required=\"true\" aria-invalid=\"false\" value=\"\" type=\"text\" name=\"your-empresa\" \/><\/span>\n\t\t<\/p>\n\t<\/div>\n<\/div>\n<div class=\"form-row\">\n\t<div class=\"column-full\">\n\t\t<p>Asunto <span class=\"wpcf7-form-control-wrap\" data-name=\"your-subject\"><input size=\"40\" class=\"wpcf7-form-control wpcf7-text wpcf7-validates-as-required\" aria-required=\"true\" aria-invalid=\"false\" value=\"\" type=\"text\" name=\"your-subject\" \/><\/span>\n\t\t<\/p>\n\t<\/div>\n<\/div>\n<div class=\"form-row\">\n\t<div class=\"column-full\">\n\t\t<p>Mensaje <span class=\"wpcf7-form-control-wrap\" data-name=\"your-message\"><textarea cols=\"40\" rows=\"10\" class=\"wpcf7-form-control wpcf7-textarea\" aria-invalid=\"false\" name=\"your-message\"><\/textarea><\/span>\n\t\t<\/p>\n\t<\/div>\n<\/div>\n<div class=\"form-row\">\n\t<div class=\"column-full\">\n\t\t<p><label><span class=\"wpcf7-form-control-wrap\" data-name=\"acceptance-576\"><span class=\"wpcf7-form-control wpcf7-acceptance optional\"><span class=\"wpcf7-list-item\"><input type=\"checkbox\" name=\"acceptance-576\" value=\"1\" aria-invalid=\"false\" \/><\/span><\/span><\/span> He le\u00eddo y acepto el Aviso Legal y la Pol\u00edtica de Privacidad<\/label>\n\t\t<\/p>\n\t<\/div>\n<\/div>\n<div class=\"form-row\">\n\t<div class=\"column-full\">\n\t\t<p><input class=\"wpcf7-form-control wpcf7-submit has-spinner\" type=\"submit\" value=\"Enviar\" \/>\n\t\t<\/p>\n\t<\/div>\n<\/div><p style=\"display: none !important;\"><label>&#916;<textarea name=\"_wpcf7_ak_hp_textarea\" cols=\"45\" rows=\"8\" maxlength=\"100\"><\/textarea><\/label><input type=\"hidden\" id=\"ak_js_1\" name=\"_wpcf7_ak_js\" value=\"160\"\/><script>document.getElementById( \"ak_js_1\" ).setAttribute( \"value\", ( new Date() ).getTime() );<\/script><\/p><div class=\"wpcf7-response-output\" aria-hidden=\"true\"><\/div>\n<\/form>\n<\/div>\n[\/vc_column][\/vc_row]<\/div>[\/vc_column][\/vc_row]\n<\/div>","protected":false},"excerpt":{"rendered":"<p>[vc_row gap=\u00bb30&#8243; css=\u00bb.vc_custom_1688652592928{padding-top: 5% !important;padding-bottom: 5% !important;}\u00bb][vc_column width=\u00bb5\/12&#8243;][\/vc_column][vc_column width=\u00bb7\/12&#8243;][vc_column_text] Saray P\u00e9rez Jurado Abogada [\/vc_column_text][vc_separator css=\u00bb.vc_custom_1688652502744{margin-top: 30px !important;margin-bottom: 30px !important;}\u00bb][vc_separator css=\u00bb.vc_custom_1688652502744{margin-top: 30px !important;margin-bottom: 30px !important;}\u00bb][vc_column_text] Biograf\u00eda y experiencia Graduada en Derecho por la UAB, realiza el M\u00e1ster de Acceso a la Abogac\u00eda incorpor\u00e1ndose como abogada en ejercicio en 2016 por el Ilustre Colegio de Abogados de&hellip;<\/p>\n","protected":false},"author":1,"featured_media":0,"parent":0,"menu_order":0,"comment_status":"closed","ping_status":"closed","template":"","meta":{"footnotes":"","_joinchat":[]},"yoast_head":"<!-- This site is optimized with the Yoast SEO plugin v21.6 - https:\/\/yoast.com\/wordpress\/plugins\/seo\/ -->\n<title>Saray P\u00e9rez Jurado - Tortajada Advocats<\/title>\n<meta name=\"robots\" content=\"index, follow, max-snippet:-1, max-image-preview:large, max-video-preview:-1\" \/>\n<link rel=\"canonical\" href=\"https:\/\/tortajadaadvocats.es\/es\/saray-perez-jurado\/\" \/>\n<meta property=\"og:locale\" content=\"es_ES\" \/>\n<meta property=\"og:type\" content=\"article\" \/>\n<meta property=\"og:title\" content=\"Saray P\u00e9rez Jurado - Tortajada Advocats\" \/>\n<meta property=\"og:description\" content=\"[vc_row gap=\u00bb30&#8243; css=\u00bb.vc_custom_1688652592928{padding-top: 5% !important;padding-bottom: 5% !important;}\u00bb][vc_column width=\u00bb5\/12&#8243;][\/vc_column][vc_column width=\u00bb7\/12&#8243;][vc_column_text] Saray P\u00e9rez Jurado Abogada [\/vc_column_text][vc_separator css=\u00bb.vc_custom_1688652502744{margin-top: 30px !important;margin-bottom: 30px !important;}\u00bb][vc_separator css=\u00bb.vc_custom_1688652502744{margin-top: 30px !important;margin-bottom: 30px !important;}\u00bb][vc_column_text] Biograf\u00eda y experiencia Graduada en Derecho por la UAB, realiza el M\u00e1ster de Acceso a la Abogac\u00eda incorpor\u00e1ndose como abogada en ejercicio en 2016 por el Ilustre Colegio de Abogados de&hellip;\" \/>\n<meta property=\"og:url\" content=\"https:\/\/tortajadaadvocats.es\/es\/saray-perez-jurado\/\" \/>\n<meta property=\"og:site_name\" content=\"Tortajada Advocats\" \/>\n<meta property=\"article:modified_time\" content=\"2023-11-21T10:09:13+00:00\" \/>\n<meta name=\"twitter:card\" content=\"summary_large_image\" \/>\n<meta name=\"twitter:label1\" content=\"Tiempo de lectura\" \/>\n\t<meta name=\"twitter:data1\" content=\"2 minutos\" \/>\n<script type=\"application\/ld+json\" class=\"yoast-schema-graph\">{\"@context\":\"https:\/\/schema.org\",\"@graph\":[{\"@type\":\"WebPage\",\"@id\":\"https:\/\/tortajadaadvocats.es\/es\/saray-perez-jurado\/\",\"url\":\"https:\/\/tortajadaadvocats.es\/es\/saray-perez-jurado\/\",\"name\":\"Saray P\u00e9rez Jurado - Tortajada Advocats\",\"isPartOf\":{\"@id\":\"https:\/\/tortajadaadvocats.es\/#website\"},\"datePublished\":\"2023-07-24T08:22:15+00:00\",\"dateModified\":\"2023-11-21T10:09:13+00:00\",\"breadcrumb\":{\"@id\":\"https:\/\/tortajadaadvocats.es\/es\/saray-perez-jurado\/#breadcrumb\"},\"inLanguage\":\"es\",\"potentialAction\":[{\"@type\":\"ReadAction\",\"target\":[\"https:\/\/tortajadaadvocats.es\/es\/saray-perez-jurado\/\"]}]},{\"@type\":\"BreadcrumbList\",\"@id\":\"https:\/\/tortajadaadvocats.es\/es\/saray-perez-jurado\/#breadcrumb\",\"itemListElement\":[{\"@type\":\"ListItem\",\"position\":1,\"name\":\"Home\",\"item\":\"https:\/\/tortajadaadvocats.es\/es\/\"},{\"@type\":\"ListItem\",\"position\":2,\"name\":\"Saray P\u00e9rez Jurado\"}]},{\"@type\":\"WebSite\",\"@id\":\"https:\/\/tortajadaadvocats.es\/#website\",\"url\":\"https:\/\/tortajadaadvocats.es\/\",\"name\":\"Tortajada Advocats\",\"description\":\"Bufete de abogados en Sabadell\",\"publisher\":{\"@id\":\"https:\/\/tortajadaadvocats.es\/#organization\"},\"potentialAction\":[{\"@type\":\"SearchAction\",\"target\":{\"@type\":\"EntryPoint\",\"urlTemplate\":\"https:\/\/tortajadaadvocats.es\/?s={search_term_string}\"},\"query-input\":\"required name=search_term_string\"}],\"inLanguage\":\"es\"},{\"@type\":\"Organization\",\"@id\":\"https:\/\/tortajadaadvocats.es\/#organization\",\"name\":\"Tortajada Advocats\",\"url\":\"https:\/\/tortajadaadvocats.es\/\",\"logo\":{\"@type\":\"ImageObject\",\"inLanguage\":\"es\",\"@id\":\"https:\/\/tortajadaadvocats.es\/#\/schema\/logo\/image\/\",\"url\":\"https:\/\/tortajadaadvocats.es\/wp-content\/uploads\/2023\/06\/logo-Tortajada-advocats-abogados-sabadell-advocats.png\",\"contentUrl\":\"https:\/\/tortajadaadvocats.es\/wp-content\/uploads\/2023\/06\/logo-Tortajada-advocats-abogados-sabadell-advocats.png\",\"width\":639,\"height\":203,\"caption\":\"Tortajada Advocats\"},\"image\":{\"@id\":\"https:\/\/tortajadaadvocats.es\/#\/schema\/logo\/image\/\"}}]}<\/script>\n<!-- \/ Yoast SEO plugin. -->","yoast_head_json":{"title":"Saray P\u00e9rez Jurado - Tortajada Advocats","robots":{"index":"index","follow":"follow","max-snippet":"max-snippet:-1","max-image-preview":"max-image-preview:large","max-video-preview":"max-video-preview:-1"},"canonical":"https:\/\/tortajadaadvocats.es\/es\/saray-perez-jurado\/","og_locale":"es_ES","og_type":"article","og_title":"Saray P\u00e9rez Jurado - Tortajada Advocats","og_description":"[vc_row gap=\u00bb30&#8243; css=\u00bb.vc_custom_1688652592928{padding-top: 5% !important;padding-bottom: 5% !important;}\u00bb][vc_column width=\u00bb5\/12&#8243;][\/vc_column][vc_column width=\u00bb7\/12&#8243;][vc_column_text] Saray P\u00e9rez Jurado Abogada [\/vc_column_text][vc_separator css=\u00bb.vc_custom_1688652502744{margin-top: 30px !important;margin-bottom: 30px !important;}\u00bb][vc_separator css=\u00bb.vc_custom_1688652502744{margin-top: 30px !important;margin-bottom: 30px !important;}\u00bb][vc_column_text] Biograf\u00eda y experiencia Graduada en Derecho por la UAB, realiza el M\u00e1ster de Acceso a la Abogac\u00eda incorpor\u00e1ndose como abogada en ejercicio en 2016 por el Ilustre Colegio de Abogados de&hellip;","og_url":"https:\/\/tortajadaadvocats.es\/es\/saray-perez-jurado\/","og_site_name":"Tortajada Advocats","article_modified_time":"2023-11-21T10:09:13+00:00","twitter_card":"summary_large_image","twitter_misc":{"Tiempo de lectura":"2 minutos"},"schema":{"@context":"https:\/\/schema.org","@graph":[{"@type":"WebPage","@id":"https:\/\/tortajadaadvocats.es\/es\/saray-perez-jurado\/","url":"https:\/\/tortajadaadvocats.es\/es\/saray-perez-jurado\/","name":"Saray P\u00e9rez Jurado - Tortajada Advocats","isPartOf":{"@id":"https:\/\/tortajadaadvocats.es\/#website"},"datePublished":"2023-07-24T08:22:15+00:00","dateModified":"2023-11-21T10:09:13+00:00","breadcrumb":{"@id":"https:\/\/tortajadaadvocats.es\/es\/saray-perez-jurado\/#breadcrumb"},"inLanguage":"es","potentialAction":[{"@type":"ReadAction","target":["https:\/\/tortajadaadvocats.es\/es\/saray-perez-jurado\/"]}]},{"@type":"BreadcrumbList","@id":"https:\/\/tortajadaadvocats.es\/es\/saray-perez-jurado\/#breadcrumb","itemListElement":[{"@type":"ListItem","position":1,"name":"Home","item":"https:\/\/tortajadaadvocats.es\/es\/"},{"@type":"ListItem","position":2,"name":"Saray P\u00e9rez Jurado"}]},{"@type":"WebSite","@id":"https:\/\/tortajadaadvocats.es\/#website","url":"https:\/\/tortajadaadvocats.es\/","name":"Tortajada Advocats","description":"Bufete de abogados en Sabadell","publisher":{"@id":"https:\/\/tortajadaadvocats.es\/#organization"},"potentialAction":[{"@type":"SearchAction","target":{"@type":"EntryPoint","urlTemplate":"https:\/\/tortajadaadvocats.es\/?s={search_term_string}"},"query-input":"required name=search_term_string"}],"inLanguage":"es"},{"@type":"Organization","@id":"https:\/\/tortajadaadvocats.es\/#organization","name":"Tortajada Advocats","url":"https:\/\/tortajadaadvocats.es\/","logo":{"@type":"ImageObject","inLanguage":"es","@id":"https:\/\/tortajadaadvocats.es\/#\/schema\/logo\/image\/","url":"https:\/\/tortajadaadvocats.es\/wp-content\/uploads\/2023\/06\/logo-Tortajada-advocats-abogados-sabadell-advocats.png","contentUrl":"https:\/\/tortajadaadvocats.es\/wp-content\/uploads\/2023\/06\/logo-Tortajada-advocats-abogados-sabadell-advocats.png","width":639,"height":203,"caption":"Tortajada Advocats"},"image":{"@id":"https:\/\/tortajadaadvocats.es\/#\/schema\/logo\/image\/"}}]}},"_links":{"self":[{"href":"https:\/\/tortajadaadvocats.es\/es\/wp-json\/wp\/v2\/pages\/911"}],"collection":[{"href":"https:\/\/tortajadaadvocats.es\/es\/wp-json\/wp\/v2\/pages"}],"about":[{"href":"https:\/\/tortajadaadvocats.es\/es\/wp-json\/wp\/v2\/types\/page"}],"author":[{"embeddable":true,"href":"https:\/\/tortajadaadvocats.es\/es\/wp-json\/wp\/v2\/users\/1"}],"replies":[{"embeddable":true,"href":"https:\/\/tortajadaadvocats.es\/es\/wp-json\/wp\/v2\/comments?post=911"}],"version-history":[{"count":1,"href":"https:\/\/tortajadaadvocats.es\/es\/wp-json\/wp\/v2\/pages\/911\/revisions"}],"predecessor-version":[{"id":912,"href":"https:\/\/tortajadaadvocats.es\/es\/wp-json\/wp\/v2\/pages\/911\/revisions\/912"}],"wp:attachment":[{"href":"https:\/\/tortajadaadvocats.es\/es\/wp-json\/wp\/v2\/media?parent=911"}],"curies":[{"name":"wp","href":"https:\/\/api.w.org\/{rel}","templated":true}]}}